{"id":39,"date":"2016-07-12T18:50:04","date_gmt":"2016-07-12T18:50:04","guid":{"rendered":"http:\/\/200.40.79.215\/~c203819\/wp\/?page_id=39"},"modified":"2016-07-12T18:50:04","modified_gmt":"2016-07-12T18:50:04","slug":"preguntas-frecuentes-sevicios","status":"publish","type":"page","link":"http:\/\/www.centrocar.com.uy\/wp\/preguntas-frecuentes-sevicios\/","title":{"rendered":"Preguntas Frecuentes &#8211; Sevicios"},"content":{"rendered":"<h3><a name=\"principal\"><\/a><span style=\"color: #ff0000;\">Tabla de contenido<\/span><\/h3>\n<p><a href=\"#pregunta1\">\u00bfEn qu\u00e9 consiste un Mantenimiento Programado?<\/a><br \/><a href=\"#pregunta2\">\u00bfPorqu\u00e9 realizar todos los controles que indica el fabricante?<\/a><br \/><a href=\"#pregunta3\">\u00bfMejora esto la seguridad de mi coche?<\/a><br \/><a href=\"#pregunta4\">\u00bfPuede incidir en la comodidad al manejar y la econom\u00eda?<\/a><br \/><a href=\"#pregunta5\">\u00bfCu\u00e1l es la diferencia de colocar repuestos Originales y del mercado paralelo?<\/a><br \/><a href=\"#pregunta6\">\u00bfQue garant\u00edas me ofrece el servicio oficial?<\/a><\/p>\n<p><a name=\"pregunta1\"><\/a><span style=\"color: #ff0000;\">\u00bfEn qu\u00e9 consiste un Mantenimiento Programado?<\/span><\/p>\n<p>En realizar todos los controles que recomienda el fabricante de su veh\u00edculo, respetando las especificaciones de cada una de las partes para determinado uso, tiempo y kilometraje.<\/p>\n<p><a href=\"#principal\">Ir al principio<\/a><\/p>\n<p>\u00a0<\/p>\n<p><a name=\"pregunta2\"><\/a><span style=\"color: #ff0000;\">\u00bfPorqu\u00e9 realizar todos los controles que indica el fabricante?<\/span><\/p>\n<p>Porque con ello se asegura la mayor durabilidad de cada pieza, con el mejor confort, la mayor seguridad y con el menor costo.<\/p>\n<p><a href=\"#principal\">Ir al principio<\/a><\/p>\n<p>\u00a0<\/p>\n<p><a name=\"pregunta3\"><\/a><span style=\"color: #ff0000;\">\u00bfMejora esto la seguridad de mi coche?<\/span><\/p>\n<p>Con cada mantenimiento se verifican todos los elementos de la parte inferior de su unidad, controlando la geometr\u00eda del veh\u00edculo, para que se desplaze con mayor adherencia cualesquiera que sean las condiciones de uso. Al Alinear adem\u00e1s se detectan posibles anomal\u00edas y al ajustar el \u00e1ngulo direccional del veh\u00edculo, nos asegura una eficiente maniobra y frenada logrando la mayor seguridad.<\/p>\n<p><a href=\"#principal\">Ir al principio<\/a><\/p>\n<p>\u00a0<\/p>\n<p><a name=\"pregunta4\"><\/a><span style=\"color: #ff0000;\">\u00bfPuede incidir en la comodidad al manejar y la econom\u00eda?<\/span><\/p>\n<p>S\u00ed, ya que el andar del coche ser\u00e1 mas estable, respondiendo d\u00f3cilmente y en con menor resistencia al desplazamiento. El veh\u00edculo recorrer\u00e1 mayor cantidad de kil\u00f3metros sin desgastes prematuros de los neum\u00e1ticos, generando una significativa reducci\u00f3n de los mantenimientos correctivos. A modo de ejem. Si alineamos cada 10000 Km. en un per\u00edodo de 60000 Km. tendremos una vida \u00fatil normal para los neum\u00e1ticos, y habremos realizado 6 veces esta tarea, con un costo aproximado al equivalente de 2 neum\u00e1ticos rodado 14&#8243;. Mientras que en condiciones de espaciado de servicio estaremos sin cubiertas a los 30000 Km. l\u00f3gicamente que a esto hay que agregarle el alt\u00edsimo riesgo de accidente.<\/p>\n<p><a href=\"#principal\">Ir al principio<\/a><\/p>\n<p>\u00a0<\/p>\n<p><a name=\"pregunta5\"><\/a><span style=\"color: #ff0000;\">\u00bfCual es la diferencia de colocar repuestos originales y del mercado paralelo ?<\/span><\/p>\n<p>Los recambios de piezas Originales, son sometidos a exhaustivos controles de Calidad para que los mismos aseguren la mayor durabilidad. Las partes del Mercado de Reposici\u00f3n o Mercado Paralelo, no cuentan con estos controles y por lo tanto la duraci\u00f3n y prestaciones se reduce significativamente, y en casos de elementos de suspensi\u00f3n y frenos, se estima una reducci\u00f3n del orden del 30 % menor.<\/p>\n<p>\u00a0<\/p>\n<p><a name=\"pregunta6\"><\/a><span style=\"color: #ff0000;\">\u00bfQu\u00e9 garant\u00edas me ofrece el Servicio Oficial<\/span>?<\/p>\n<p>Los Servicios Oficiales son sometidos a permanentes controles de Calidad y Capacitaci\u00f3n por parte de las F\u00e1bricas o Importadores. Esto se refleja en la eliminaci\u00f3n de re-trabajos por servicios mal realizados. Cada servicio es registrado en un fichero inform\u00e1tico que se env\u00eda copia semanalmente a la F\u00e1brica, asegur\u00e1ndole al usuario de la unidad un profesional trato de la historia del veh\u00edculo. El contacto posterior a cada servicio realizado que mantiene la F\u00e1brica con el propietario de la unidad, le asegura la total garant\u00eda sobre los trabajos efectuados.<\/p>\n<p><a href=\"#principal\">Ir al principio<\/a><\/p>\n<p>\u00a0<\/p>\n<p><span style=\"color: #ff0000;\"><strong>En Centro CAR, adoptamos como Pol\u00edtica de Calidad, <span style=\"text-decoration: underline;\">NO TRABAJAR CON VEH\u00cdCULOS QUE SEAN MODIFICADOS EN SU ESTRUCTURA, MOTORES ADAPTADOS NI CONVERTIDOS<\/span><\/strong><\/span><\/p>\n<p>Realice su consulta t\u00e9cnica , que a la brevedad le estaremos enviando la respuesta.<\/p>\n<p>e.mail:\u00a0<span style=\"color: #ff0000;\">infogral@centrocar.com.uy<\/span><\/p>\n","protected":false},"excerpt":{"rendered":"<p>Tabla de contenido \u00bfEn qu\u00e9 consiste un Mantenimiento Programado?\u00bfPorqu\u00e9 realizar todos los controles que indica el fabricante?\u00bfMejora esto la seguridad de mi coche?\u00bfPuede incidir en la comodidad al manejar y la econom\u00eda?\u00bfCu\u00e1l es la diferencia de colocar repuestos Originales y del mercado paralelo?\u00bfQue garant\u00edas me ofrece el servicio oficial? \u00bfEn qu\u00e9 consiste un Mantenimiento Programado? [&hellip;]<\/p>\n","protected":false},"author":1,"featured_media":0,"parent":0,"menu_order":3,"comment_status":"closed","ping_status":"closed","template":"","meta":[],"_links":{"self":[{"href":"http:\/\/www.centrocar.com.uy\/wp\/wp-json\/wp\/v2\/pages\/39"}],"collection":[{"href":"http:\/\/www.centrocar.com.uy\/wp\/wp-json\/wp\/v2\/pages"}],"about":[{"href":"http:\/\/www.centrocar.com.uy\/wp\/wp-json\/wp\/v2\/types\/page"}],"author":[{"embeddable":true,"href":"http:\/\/www.centrocar.com.uy\/wp\/wp-json\/wp\/v2\/users\/1"}],"replies":[{"embeddable":true,"href":"http:\/\/www.centrocar.com.uy\/wp\/wp-json\/wp\/v2\/comments?post=39"}],"version-history":[{"count":0,"href":"http:\/\/www.centrocar.com.uy\/wp\/wp-json\/wp\/v2\/pages\/39\/revisions"}],"wp:attachment":[{"href":"http:\/\/www.centrocar.com.uy\/wp\/wp-json\/wp\/v2\/media?parent=39"}],"curies":[{"name":"wp","href":"https:\/\/api.w.org\/{rel}","templated":true}]}}