{"id":71,"date":"2016-07-12T19:15:49","date_gmt":"2016-07-12T19:15:49","guid":{"rendered":"http:\/\/200.40.79.215\/~c203819\/wp\/?page_id=71"},"modified":"2024-04-01T17:10:19","modified_gmt":"2024-04-01T17:10:19","slug":"lubricacion-servicios","status":"publish","type":"page","link":"http:\/\/www.centrocar.com.uy\/wp\/lubricacion-servicios\/","title":{"rendered":"Lubricaci\u00f3n &#8211; Servicios"},"content":{"rendered":"<h1 style=\"text-align: center;\">Lubricaci\u00f3n<\/h1>\n<p style=\"text-align: center;\">\u00a0 \u00a0 \u00a0 \u00a0 \u00a0 \u00a0<img loading=\"lazy\" class=\"alignnone wp-image-332\" src=\"http:\/\/www.centrocar.com.uy\/wp\/wp-content\/uploads\/2022\/09\/Mecanica-ligera-300x225.jpeg\" alt=\"\" width=\"579\" height=\"434\" srcset=\"http:\/\/www.centrocar.com.uy\/wp\/wp-content\/uploads\/2022\/09\/Mecanica-ligera-300x225.jpeg 300w, http:\/\/www.centrocar.com.uy\/wp\/wp-content\/uploads\/2022\/09\/Mecanica-ligera-1024x768.jpeg 1024w, http:\/\/www.centrocar.com.uy\/wp\/wp-content\/uploads\/2022\/09\/Mecanica-ligera-768x576.jpeg 768w, http:\/\/www.centrocar.com.uy\/wp\/wp-content\/uploads\/2022\/09\/Mecanica-ligera-1536x1152.jpeg 1536w, http:\/\/www.centrocar.com.uy\/wp\/wp-content\/uploads\/2022\/09\/Mecanica-ligera.jpeg 2016w\" sizes=\"(max-width: 579px) 100vw, 579px\" \/><\/p>\n<p>&nbsp;<\/p>\n<h2>Ventajas clave<\/h2>\n<ul>\n<li>El cambio de Aceite de su veh\u00edculo en manos especializadas.<\/li>\n<li>Con cada servicio de mantenimiento hacemos un \u00abChek List\u00bb sin cargo.<\/li>\n<\/ul>\n<h3>Lubricantes de alta calidad.<\/h3>\n<p>LUBRAX * ANCAP *<\/p>\n<p>Minerales -Semi-Sint\u00e9ticos y Sint\u00e9ticos<\/p>\n<h3>Recuerde que con cada servicio de lubricaci\u00f3n, se controla:<\/h3>\n<ul>\n<li>Estado de la bater\u00eda con equipo electr\u00f3nico<\/li>\n<li>L\u00edquido de freno<\/li>\n<li>Anticorrosivo de radiador con Refract\u00f3metro<\/li>\n<li>Presi\u00f3n de los neum\u00e1ticos<\/li>\n<li>Luces y alineaci\u00f3n de focos<\/li>\n<li>Aceite de transmisi\u00f3n<\/li>\n<li>Correa de alternador y A\/A<\/li>\n<\/ul>\n<p><span style=\"color: #ff6600;\"><strong>Recuerde- Siempre transite con luces cortas encendidas * VER Y QUE LO VEAN *<\/strong><\/span><\/p>\n<h3 style=\"text-align: center;\"><span style=\"color: #ff0000;\"><a href=\"index.php?option=com_aicontactsafe&amp;view=message&amp;layout=message&amp;pf=2&amp;redirect_on_success=\" target=\"_blank\" rel=\"noopener noreferrer\"><span style=\"color: #ff0000;\">\u00a1\u00a1\u00a0Reserva OnLine\u00a0!!<\/span><\/a><\/span><\/h3>\n<h3>Por consultas:<\/h3>\n<p>Tel\u00e9fono (598) 4733 3113<br \/>\nFax (598) 4733 1131<br \/>\nDirecci\u00f3n postal<br \/>\nDr. Raffo 540<br \/>\nCorreo electr\u00f3nico Informaci\u00f3n general:<br \/>\ninfo@centrocar.com.uy<\/p>\n","protected":false},"excerpt":{"rendered":"<p>Lubricaci\u00f3n \u00a0 \u00a0 \u00a0 \u00a0 \u00a0 \u00a0 &nbsp; Ventajas clave El cambio de Aceite de su veh\u00edculo en manos especializadas. Con cada servicio de mantenimiento hacemos un \u00abChek List\u00bb sin cargo. Lubricantes de alta calidad. LUBRAX * ANCAP * Minerales -Semi-Sint\u00e9ticos y Sint\u00e9ticos Recuerde que con cada servicio de lubricaci\u00f3n, se controla: Estado de la [&hellip;]<\/p>\n","protected":false},"author":1,"featured_media":70,"parent":0,"menu_order":0,"comment_status":"closed","ping_status":"closed","template":"","meta":[],"_links":{"self":[{"href":"http:\/\/www.centrocar.com.uy\/wp\/wp-json\/wp\/v2\/pages\/71"}],"collection":[{"href":"http:\/\/www.centrocar.com.uy\/wp\/wp-json\/wp\/v2\/pages"}],"about":[{"href":"http:\/\/www.centrocar.com.uy\/wp\/wp-json\/wp\/v2\/types\/page"}],"author":[{"embeddable":true,"href":"http:\/\/www.centrocar.com.uy\/wp\/wp-json\/wp\/v2\/users\/1"}],"replies":[{"embeddable":true,"href":"http:\/\/www.centrocar.com.uy\/wp\/wp-json\/wp\/v2\/comments?post=71"}],"version-history":[{"count":5,"href":"http:\/\/www.centrocar.com.uy\/wp\/wp-json\/wp\/v2\/pages\/71\/revisions"}],"predecessor-version":[{"id":376,"href":"http:\/\/www.centrocar.com.uy\/wp\/wp-json\/wp\/v2\/pages\/71\/revisions\/376"}],"wp:featuredmedia":[{"embeddable":true,"href":"http:\/\/www.centrocar.com.uy\/wp\/wp-json\/wp\/v2\/media\/70"}],"wp:attachment":[{"href":"http:\/\/www.centrocar.com.uy\/wp\/wp-json\/wp\/v2\/media?parent=71"}],"curies":[{"name":"wp","href":"https:\/\/api.w.org\/{rel}","templated":true}]}}